{"id":211,"date":"2021-04-27T15:36:52","date_gmt":"2021-04-27T15:36:52","guid":{"rendered":"http:\/\/www.avgkimya.com\/?page_id=211"},"modified":"2021-05-05T12:17:23","modified_gmt":"2021-05-05T12:17:23","slug":"su-bazli-boya-hammaddeleri","status":"publish","type":"page","link":"https:\/\/www.avgkimya.com\/en\/su-bazli-boya-hammaddeleri\/","title":{"rendered":"WATER BASED PAINT PRODUCTS"},"content":{"rendered":"<div class=\"container section-title-container\" ><h3 class=\"section-title section-title-center\"><b><\/b><span class=\"section-title-main\" >WATER BASED PAINT PRODUCTS<\/span><b><\/b><\/h3><\/div><!-- .section-title -->\n\n<div class=\"row\"  id=\"row-74411679\">\n\n<div class=\"col small-12 large-12\"  ><div class=\"col-inner\"  >\n\n\t<div class=\"img has-hover x md-x lg-x y md-y lg-y\" id=\"image_606447077\">\n\t\t\t\t\t\t\t\t<div class=\"img-inner dark\" >\n\t\t\t<img loading=\"lazy\" decoding=\"async\" width=\"1020\" height=\"153\" src=\"https:\/\/www.avgkimya.com\/wp-content\/uploads\/2021\/04\/su-bazli-boya-hammaddeleri-1-1024x154.jpg\" class=\"attachment-large size-large\" alt=\"\" srcset=\"https:\/\/www.avgkimya.com\/wp-content\/uploads\/2021\/04\/su-bazli-boya-hammaddeleri-1-1024x154.jpg 1024w, https:\/\/www.avgkimya.com\/wp-content\/uploads\/2021\/04\/su-bazli-boya-hammaddeleri-1-768x115.jpg 768w, https:\/\/www.avgkimya.com\/wp-content\/uploads\/2021\/04\/su-bazli-boya-hammaddeleri-1-1536x230.jpg 1536w, https:\/\/www.avgkimya.com\/wp-content\/uploads\/2021\/04\/su-bazli-boya-hammaddeleri-1-16x2.jpg 16w, https:\/\/www.avgkimya.com\/wp-content\/uploads\/2021\/04\/su-bazli-boya-hammaddeleri-1.jpg 1600w\" sizes=\"auto, (max-width: 1020px) 100vw, 1020px\" \/>\t\t\t\t\t\t\n\t\t\t\t\t<\/div>\n\t\t\t\t\t\t\t\t\n<style scope=\"scope\">\n\n#image_606447077 {\n  width: 100%;\n}\n<\/style>\n\t<\/div>\n\t\n\n\n<\/div><\/div>\n\n<\/div>\n<div class=\"row\"  id=\"row-1318459358\">\n\n<div class=\"col medium-6 small-12 large-6\"  ><div class=\"col-inner\"  >\n\n\t<div class=\"img has-hover x md-x lg-x y md-y lg-y\" id=\"image_1011935811\">\n\t\t\t\t\t\t\t\t<div class=\"img-inner image-cover dark\" style=\"padding-top:300px;\">\n\t\t\t<img loading=\"lazy\" decoding=\"async\" width=\"270\" height=\"180\" src=\"https:\/\/www.avgkimya.com\/wp-content\/uploads\/2021\/04\/su-bazli-boya-hammaddeleri-3.jpg\" class=\"attachment-large size-large\" alt=\"\" srcset=\"https:\/\/www.avgkimya.com\/wp-content\/uploads\/2021\/04\/su-bazli-boya-hammaddeleri-3.jpg 270w, https:\/\/www.avgkimya.com\/wp-content\/uploads\/2021\/04\/su-bazli-boya-hammaddeleri-3-16x12.jpg 16w\" sizes=\"auto, (max-width: 270px) 100vw, 270px\" \/>\t\t\t\t\t\t\n\t\t\t\t\t<\/div>\n\t\t\t\t\t\t\t\t\n<style scope=\"scope\">\n\n#image_1011935811 {\n  width: 100%;\n}\n<\/style>\n\t<\/div>\n\t\n\n\n<\/div><\/div>\n<div class=\"col medium-6 small-12 large-6\"  ><div class=\"col-inner\"  >\n\n\t<div class=\"img has-hover x md-x lg-x y md-y lg-y\" id=\"image_1360018566\">\n\t\t\t\t\t\t\t\t<div class=\"img-inner image-cover dark\" style=\"padding-top:300px;\">\n\t\t\t<img loading=\"lazy\" decoding=\"async\" width=\"240\" height=\"180\" src=\"https:\/\/www.avgkimya.com\/wp-content\/uploads\/2021\/04\/su-bazli-boya-hammaddeleri-2.jpg\" class=\"attachment-large size-large\" alt=\"\" srcset=\"https:\/\/www.avgkimya.com\/wp-content\/uploads\/2021\/04\/su-bazli-boya-hammaddeleri-2.jpg 240w, https:\/\/www.avgkimya.com\/wp-content\/uploads\/2021\/04\/su-bazli-boya-hammaddeleri-2-16x12.jpg 16w\" sizes=\"auto, (max-width: 240px) 100vw, 240px\" \/>\t\t\t\t\t\t\n\t\t\t\t\t<\/div>\n\t\t\t\t\t\t\t\t\n<style scope=\"scope\">\n\n#image_1360018566 {\n  width: 100%;\n}\n<\/style>\n\t<\/div>\n\t\n\n\n<\/div><\/div>\n\n<\/div>\n<div class=\"row\"  id=\"row-74543712\">\n\n<div class=\"col small-12 large-12\"  ><div class=\"col-inner\"  >\n\n<div class=\"accordion\" rel=\"\">\n\n<div class=\"accordion-item\"><a href=\"#\" class=\"accordion-title plain\"><button class=\"toggle\"><i class=\"icon-angle-down\"><\/i><\/button><span>Film Yap\u0131c\u0131 Ajan (Coalescing agent)<\/span><\/a><div class=\"accordion-inner\">\n\n<p><strong>Aditifler<\/strong><\/p>\n<p><strong>V\u0131scoat<\/strong><\/p>\n<table width=\"643\">\n<tbody>\n<tr>\n<td width=\"123\">\n<p><em>\u00a0\u00a0\u00a0\u00a0\u00a0\u00a0\u00a0\u00a0\u00a0\u00a0\u00a0\u00a0\u00a0\u00a0\u00a0\u00a0\u00a0\u00a0\u00a0\u00a0\u00a0\u00a0\u00a0\u00a0\u00a0\u00a0 <\/em><\/p>\n<\/td>\n<td width=\"520\">\n<p><em>\u00a0\u00a0\u00a0\u00a0\u00a0\u00a0\u00a0\u00a0\u00a0\u00a0\u00a0\u00a0\u00a0\u00a0\u00a0\u00a0\u00a0\u00a0\u00a0\u00a0\u00a0\u00a0\u00a0\u00a0\u00a0\u00a0\u00a0\u00a0\u00a0\u00a0\u00a0\u00a0\u00a0\u00a0\u00a0\u00a0\u00a0\u00a0\u00a0\u00a0\u00a0\u00a0\u00a0\u00a0\u00a0\u00a0 ( Coalescing agent)<\/em><\/p>\n<\/td>\n<\/tr>\n<\/tbody>\n<\/table>\n<p><strong><u>F\u0130LM YAPICI AJAN<\/u><\/strong><\/p>\n<p><em><u>\u00d6zellikleri<\/u><\/em><\/p>\n<table width=\"643\">\n<tbody>\n<tr>\n<td width=\"161\">\n<p><strong><em>Tan\u0131m\u0131<\/em><\/strong><\/p>\n<\/td>\n<td colspan=\"2\" width=\"482\">\n<p>Tatl\u0131 karakteristik kokulu saydam bir s\u0131v\u0131d\u0131r.<\/p>\n<\/td>\n<\/tr>\n<tr>\n<td width=\"161\">\n<p><strong><em>A\u00e7\u0131l\u0131m\u0131 <\/em><\/strong><\/p>\n<\/td>\n<td colspan=\"2\" width=\"482\">\n<p>2,2,4-Trimetil-1,3-Pentandiol-Monoizobutirat<\/p>\n<\/td>\n<\/tr>\n<tr>\n<td width=\"161\">\n<p><strong><em>CAS no<\/em><\/strong><\/p>\n<\/td>\n<td colspan=\"2\" width=\"482\">\n<p>25265-77-4<\/p>\n<\/td>\n<\/tr>\n<tr>\n<td width=\"161\">\n<p><strong><em>Safl\u0131\u011f\u0131 <\/em><\/strong><\/p>\n<\/td>\n<td width=\"198\">\n<p>Enaz % 99<\/p>\n<\/td>\n<td width=\"283\">\n<p>Gaz kromotografisiile<\/p>\n<\/td>\n<\/tr>\n<tr>\n<td width=\"161\">\n<p><strong><em>Asit say\u0131s\u0131<\/em><\/strong><\/p>\n<\/td>\n<td width=\"198\">\n<p>En\u00e7ok 0.5 mg KOH\/g<\/p>\n<\/td>\n<td width=\"283\">\n<p>ASTM D 1613 \/ ISO 1385<\/p>\n<\/td>\n<\/tr>\n<tr>\n<td width=\"161\">\n<p><strong><em>Karbonil miktar\u0131<\/em><\/strong><\/p>\n<\/td>\n<td width=\"198\">\n<p>En\u00e7ok % 0.4\u00a0 Butiraldehit olarak<\/p>\n<\/td>\n<td width=\"283\">\n<p>BS 508 (1966)<\/p>\n<\/td>\n<\/tr>\n<tr>\n<td width=\"161\">\n<p><strong><em>Renk <\/em><\/strong><\/p>\n<\/td>\n<td width=\"198\">\n<p>En\u00e7ok 10 Pt-Co birimi<\/p>\n<\/td>\n<td width=\"283\">\n<p>ASTM D 1209<\/p>\n<\/td>\n<\/tr>\n<tr>\n<td width=\"161\">\n<p><strong><em>Su miktar\u0131<\/em><\/strong><\/p>\n<\/td>\n<td width=\"198\">\n<p>En\u00e7ok % 0.1<\/p>\n<\/td>\n<td width=\"283\">\n<p>ASTM E 1064-92<\/p>\n<\/td>\n<\/tr>\n<tr>\n<td width=\"161\">\n<p><strong><em>Kaynama noktas\u0131<\/em><\/strong><\/p>\n<\/td>\n<td colspan=\"2\" width=\"482\">\n<p>254\u00b0C\u00a0 ba\u015flang\u0131\u00e7<\/p>\n<\/td>\n<\/tr>\n<tr>\n<td width=\"161\">\n<p><strong><em>pH(4 tampon)<\/em><\/strong><\/p>\n<\/td>\n<td colspan=\"2\" width=\"482\">\n<p>3.0 \u2013 4.0<\/p>\n<\/td>\n<\/tr>\n<tr>\n<td width=\"161\">\n<p><strong><em>Yo\u011funluk (20\u00b0C) <\/em><\/strong><\/p>\n<\/td>\n<td colspan=\"2\" width=\"482\">\n<p>0.947 g\/cm<sup>3<\/sup><\/p>\n<\/td>\n<\/tr>\n<tr>\n<td width=\"161\">\n<p><strong><em>Donma noktas\u0131 <\/em><\/strong><\/p>\n<\/td>\n<td colspan=\"2\" width=\"482\">\n<p>-50\u00b0C<\/p>\n<\/td>\n<\/tr>\n<tr>\n<td width=\"161\">\n<p><strong><em>Buhar bas\u0131nc\u0131 (20\u00b0C) <\/em><\/strong><\/p>\n<\/td>\n<td width=\"198\">\n<p>1.9 Pa<\/p>\n<\/td>\n<td width=\"283\">\n<p>ASTM E 1197-84<\/p>\n<\/td>\n<\/tr>\n<\/tbody>\n<\/table>\n<p><em><u>Etki ve Kullan\u0131m Alan\u0131<\/u><\/em><\/p>\n<table width=\"643\">\n<tbody>\n<tr>\n<td colspan=\"2\" width=\"643\">\n<p>\u00b7\u00a0\u00a0\u00a0\u00a0\u00a0\u00a0\u00a0 Em\u00fclsiyon boyalarda film yap\u0131c\u0131 <em>(Coalescing agent)<\/em> ajan olarak kullan\u0131l\u0131r. en d\u00fc\u015f\u00fck film olu\u015fturma s\u0131cakl\u0131\u011f\u0131n\u0131 d\u00fc\u015f\u00fcr\u00fcr. Em\u00fclsiyon polimer partik\u00fcllerini yumu\u015fatarak birbirleriyle kayna\u015fmalar\u0131na olanak sa\u011flayarak d\u00fc\u015f\u00fck s\u0131cakl\u0131klarda film olu\u015fmas\u0131n\u0131 ger\u00e7ekle\u015ftirir.<\/p>\n<p>\u00b7\u00a0\u00a0\u00a0\u00a0\u00a0\u00a0\u00a0 Verilecek miktar em\u00fclsiyon polimere ve boya uygulamalar\u0131na g\u00f6re d\u00fczenlenmelidir. Daha sert olan em\u00fclsiyon polmerleri i\u00e7in yumu\u015fak olanlardan biraz daha fazla oranda kullanmak gerekir. D\u0131\u015f uygulamalarda da d\u00fc\u015f\u00fck film olu\u015fum s\u0131cakl\u0131\u011f\u0131 elde etmek i\u00e7in daha fazla kullanmak gerekebilir. Suda \u00e7ok d\u00fc\u015f\u00fck \u00e7\u00f6z\u00fcn\u00fcrl\u00fcktedir. Su emici y\u00fczeylerde bile ba\u011flay\u0131c\u0131 ile birlikte kal\u0131r. Sistemi terketmez. Em\u00fclsiyon stabilitesini olumsuz etkilemez.<\/p>\n<p>\u00b7\u00a0\u00a0\u00a0\u00a0\u00a0\u00a0\u00a0 M\u00fckemmel hidrolitik stabilitesi vard\u0131r. Y\u00fcksek pH de\u011ferinde olanlar dahil bir \u00e7ok em\u00fclsiyon polimerinde kullan\u0131l\u0131r. Donma noktas\u0131 olduk\u00e7a d\u00fc\u015f\u00fckt\u00fcr. K\u0131\u015f aylar\u0131nda \u00f6zel depolama ve kullan\u0131m gerektirmez. Non-VOC olarak s\u0131n\u0131fland\u0131r\u0131lm\u0131\u015ft\u0131r. .<\/p>\n<\/td>\n<\/tr>\n<tr>\n<td width=\"151\">\n<p><strong><em>Depolama<\/em><\/strong><\/p>\n<\/td>\n<td width=\"491\">\n<p>25 \u00b0C alt\u0131nda en az 6 ay varil ambalaj\u0131nda depolanabilir.<\/p>\n<\/td>\n<\/tr>\n<tr>\n<td width=\"151\">\n<p><strong><em>Ambalaj \u015fekli<\/em><\/strong><\/p>\n<\/td>\n<td width=\"491\">\n<p>195 kg.&#8217;l\u0131k orjinal sac varillerde<\/p>\n<\/td>\n<\/tr>\n<\/tbody>\n<\/table>\n<p><em>Verilen bilgilerin teknik ve hukuki ba\u011flay\u0131c\u0131l\u0131\u011f\u0131 yoktur. Denenerek uygulanmal\u0131d\u0131r.<\/em><\/p>\n<p><em>\u00a0<\/em><\/p>\n<p>Teknik b\u00fcltendeki bilgi ve \u00f6neriler sadece yol g\u00f6sterici nitelikte olup garanti anlam\u0131nda de\u011ferlendirilmemelidir. Teknik de\u011fi\u015fiklik hakk\u0131 sakl\u0131d\u0131r.<\/p>\n<p>Our techhnical\u00a0 informations are for guidance only; all data contained therein are given without guarantee. Technical modifications reserved.<\/p>\n\n<\/div><\/div>\n<div class=\"accordion-item\"><a href=\"#\" class=\"accordion-title plain\"><button class=\"toggle\"><i class=\"icon-angle-down\"><\/i><\/button><span>Vicsol DF 100 M ( K\u00f6p\u00fck Kesici )<\/span><\/a><div class=\"accordion-inner\">\n\n<p><strong>Aditifler<\/strong><\/p>\n<p><strong>VICSOL DF 100 M<\/strong><\/p>\n<table>\n<tbody>\n<tr>\n<td width=\"144\">\n<p><u>\u00a0<\/u><\/p>\n<\/td>\n<td width=\"499\">\n<p><em>\u00a0\u00a0\u00a0\u00a0\u00a0\u00a0\u00a0\u00a0\u00a0 \u00a0\u00a0\u00a0\u00a0\u00a0\u00a0\u00a0\u00a0\u00a0\u00a0\u00a0\u00a0\u00a0\u00a0\u00a0\u00a0\u00a0\u00a0\u00a0\u00a0( Kop\u00fck Kesici )<\/em><\/p>\n<\/td>\n<\/tr>\n<\/tbody>\n<\/table>\n<p>\u00a0<\/p>\n<p><strong><u>\u00a0<\/u><\/strong><\/p>\n<h4>Spesifik \u00d6zellikleri<\/h4>\n<table width=\"629\">\n<tbody>\n<tr>\n<td width=\"154\">\n<h1>G\u00f6r\u00fcn\u00fc\u015f<\/h1>\n<\/td>\n<td width=\"475\">\n<p>Opak s\u0131v\u0131<\/p>\n<\/td>\n<\/tr>\n<tr>\n<td width=\"154\">\n<h1>Spesifik a\u011f\u0131rl\u0131k (20\u00baC)<\/h1>\n<\/td>\n<td width=\"475\">\n<p>0.90\u00b10.05<\/p>\n<\/td>\n<\/tr>\n<tr>\n<td width=\"154\">\n<p><strong><em>Viskozite (20\u00baC)\u00a0 <\/em><\/strong><\/p>\n<\/td>\n<td width=\"475\">\n<p>300-800 cps<\/p>\n<\/td>\n<\/tr>\n<tr>\n<td width=\"154\">\n<h1>Tan\u0131m<\/h1>\n<\/td>\n<td width=\"475\">\n<p>Surfaktan ve mineral bile\u015fiklerden olu\u015fan su-ya\u011f em\u00fclsiyonu<\/p>\n<\/td>\n<\/tr>\n<\/tbody>\n<\/table>\n<p>\u00a0<\/p>\n<p>Etki ve Kullan\u0131m Alan\u0131<\/p>\n<table width=\"643\">\n<tbody>\n<tr>\n<td colspan=\"2\" width=\"643\">\n<p>\u00b7\u00a0\u00a0\u00a0\u00a0\u00a0\u00a0\u00a0\u00a0\u00a0\u00a0\u00a0 Su bazl\u0131 boyalarda k\u00f6p\u00fck olu\u015fumunu engelleyen bir katk\u0131 malzemesidir.\u00a0 \u00d6zellikle y\u00fcksek oranda polimer i\u00e7eren sistemlerde, parlak ve su ge\u00e7irmez boyalarda kullan\u0131l\u0131r.\u00d6zellikle mikro k\u00f6p\u00fckleri elimine etmede etkilidir.\u00a0\u00a0<\/p>\n<\/td>\n<\/tr>\n<tr>\n<td width=\"151\">\n<h1>Kullan\u0131m oran\u0131<\/h1>\n<\/td>\n<td width=\"491\">\n<p>Toplam boya \u00fczerinden <strong>% 1-3 <\/strong>d\u00fcr.<\/p>\n<\/td>\n<\/tr>\n<tr>\n<td width=\"151\">\n<p><strong><em>Depolama<\/em><\/strong><\/p>\n<p><strong><em>\u00a0<\/em><\/strong><\/p>\n<\/td>\n<td width=\"491\">\n<p>Kapal\u0131 orijinal ambalaj\u0131nda, oda s\u0131cakl\u0131\u011f\u0131nda depolanmal\u0131d\u0131r. \u00c7ok y\u00fcksek ya da \u00e7ok d\u00fc\u015f\u00fck s\u0131cakl\u0131klara maruz b\u0131rak\u0131lmamal\u0131d\u0131r.<\/p>\n<\/td>\n<\/tr>\n<tr>\n<td width=\"151\">\n<p><strong><em>Ambalaj \u015fekli<\/em><\/strong><\/p>\n<p><strong><em>\u00a0<\/em><\/strong><\/p>\n<\/td>\n<td width=\"491\">\n<p>\u00a0<\/p>\n<\/td>\n<\/tr>\n<\/tbody>\n<\/table>\n<p><em>Verilen bilgilerin teknik ve hukuki ba\u011flay\u0131c\u0131l\u0131\u011f\u0131 yoktur. Denenerek uygulanmal\u0131d\u0131r.<\/em><\/p>\n<p><strong><u>\u00a0<\/u><\/strong><\/p>\n<p><em><u>Daha ayr\u0131nt\u0131l\u0131 teknik bilgi ve destek teknik servisimizden sa\u011flanabilir.<\/u><\/em><\/p>\n<p><em><u>\u00a0<\/u><\/em><\/p>\n<p>Teknik b\u00fcltendeki bilgi ve \u00f6neriler sadece yol g\u00f6sterici nitelikte olup garanti anlam\u0131nda de\u011ferlendirilmemelidir. Teknik de\u011fi\u015fiklik hakk\u0131 sakl\u0131d\u0131r.<\/p>\n<p>Our techhnical\u00a0 informations are for guidance only; all data contained therein are given without guarantee. Technical modifications reserved.<\/p>\n\n<\/div><\/div>\n<div class=\"accordion-item\"><a href=\"#\" class=\"accordion-title plain\"><button class=\"toggle\"><i class=\"icon-angle-down\"><\/i><\/button><span>Elastik Stren Akrilik<\/span><\/a><div class=\"accordion-inner\">\n\n<p>Re\u00e7ine ve Ba\u011flay\u0131c\u0131lar<\/p>\n<p><strong>STERN AKR\u0130L\u0130K (ELAST\u0130K)<\/strong><\/p>\n<table width=\"643\">\n<tbody>\n<tr>\n<td width=\"123\">\n<p><u>\u00a0<\/u><\/p>\n<\/td>\n<td width=\"321\">\n<p><em>\u00a0\u00a0\u00a0\u00a0\u00a0\u00a0\u00a0\u00a0\u00a0\u00a0\u00a0\u00a0\u00a0\u00a0\u00a0\u00a0\u00a0\u00a0\u00a0\u00a0\u00a0 ( Stiren Acrylic Copolymer Emulsion Binder)<\/em><\/p>\n<\/td>\n<td width=\"198\">\n<p>.<\/p>\n<\/td>\n<\/tr>\n<\/tbody>\n<\/table>\n<p>\u00a0<\/p>\n<p><strong><u>SU BAZLI S\u0130STEMLER \u0130\u00c7\u0130N EM\u00dcLS\u0130YON RE\u00c7\u0130NE<\/u><\/strong><\/p>\n<p><em><u>\u00d6zellikleri<\/u><\/em><\/p>\n<table width=\"643\">\n<tbody>\n<tr>\n<td width=\"170\">\n<p><strong><em>Tan\u0131m\u0131<\/em><\/strong><\/p>\n<\/td>\n<td width=\"472\">\n<p>%50 kat\u0131 maddeli, stiren akrilik bir kopolimer em\u00fclsiyon olup su direnci \u00e7ok y\u00fcksek bir film olku\u015fturur. Film bir kez olu\u015ftuktan sonra suyun hareketlerine be\u011fl\u0131 herhangi bir deformasyon g\u00f6zlenmeyecektir. Y\u00fcksek elastikiyeti, dolgu, ba\u011flama g\u00fcc\u00fc ve dayan\u0131kl\u0131\u011f\u0131yla her t\u00fcrl\u00fc \u00e7at\u0131 kaplamalar\u0131, izolasyon boyalar\u0131, s\u0131v\u0131 plastik malzemeler ve mastikler i\u00e7in geli\u015ftirilmi\u015f bir ba\u011flay\u0131c\u0131d\u0131r.\u00a0<\/p>\n<\/td>\n<\/tr>\n<tr>\n<td width=\"170\">\n<p><strong><em>G\u00f6r\u00fcn\u00fc\u015f\u00a0<\/em><\/strong><\/p>\n<\/td>\n<td width=\"472\">\n<p>Homojen, beyaz renkli em\u00fclsiyon<\/p>\n<\/td>\n<\/tr>\n<tr>\n<td width=\"170\">\n<p><strong><em>Iyonik yap\u0131s\u0131<\/em><\/strong><\/p>\n<\/td>\n<td width=\"472\">\n<p>Anyonik<\/p>\n<\/td>\n<\/tr>\n<tr>\n<td width=\"170\">\n<p><strong><em>Kat\u0131 Madde <\/em><\/strong><\/p>\n<\/td>\n<td width=\"472\">\n<p>% 50 \u00b1 1\u00a0\u00a0\u00a0\u00a0\u00a0 <em>(150\u00b0C de 20 dakka, 0.6 gram)<\/em><\/p>\n<\/td>\n<\/tr>\n<tr>\n<td width=\"170\">\n<p><strong><em>PH(9 tampon)<\/em><\/strong><\/p>\n<\/td>\n<td width=\"472\">\n<p>8.0 \u2013 9.0<\/p>\n<\/td>\n<\/tr>\n<tr>\n<td width=\"170\">\n<p><strong><em>Viskozite (25 \u00b0C)<\/em><\/strong><\/p>\n<\/td>\n<td width=\"472\">\n<p>25.000 \u2013 60.000 cps.\u00a0 <em>(Brookfield LVDV-II, Spindle 4\/6 rpm)<\/em><\/p>\n<\/td>\n<\/tr>\n<tr>\n<td width=\"170\">\n<p><strong><em>En d\u00fc\u015f\u00fck film olu\u015fturma s\u0131cakl\u0131\u011f\u0131 MFFT<\/em><\/strong><\/p>\n<\/td>\n<td width=\"472\">\n<p>0\u00b0C<\/p>\n<\/td>\n<\/tr>\n<tr>\n<td width=\"170\">\n<p><strong><em>Jel (gr\/quart)<\/em><\/strong><\/p>\n<\/td>\n<td width=\"472\">\n<p>0.05 max.\u00a0 <em>(100 mesh)<\/em><\/p>\n<\/td>\n<\/tr>\n<tr>\n<td width=\"170\">\n<p><strong><em>Serbest monomer %<\/em><\/strong><\/p>\n<\/td>\n<td width=\"472\">\n<p>% 0.5 max.<\/p>\n<\/td>\n<\/tr>\n<tr>\n<td width=\"170\">\n<p><strong><em>Tanecik B\u00fcy\u00fckl\u00fc\u011f\u00fc <\/em><\/strong><\/p>\n<\/td>\n<td width=\"472\">\n<p>Ortalama 0.35 mikron<\/p>\n<\/td>\n<\/tr>\n<\/tbody>\n<\/table>\n<p><em><u>Etki ve Kullan\u0131m Alan\u0131<\/u><\/em><\/p>\n<table width=\"643\">\n<tbody>\n<tr>\n<td colspan=\"2\" width=\"643\">\n<p>\u00b7\u00a0\u00a0\u00a0\u00a0\u00a0\u00a0\u00a0 Y\u00fcksek elastikiyet gerektiren de\u011fi\u015fik tipteki y\u00fczey kaplama malzemeleri, boya kaplama, mast\u0131k, s\u00f6ve tutkal\u0131 \u00fcretiminde yayg\u0131n olarak kullan\u0131l\u0131r.<\/p>\n<\/td>\n<\/tr>\n<tr>\n<td width=\"151\">\n<p><strong><em>Depolama<\/em><\/strong><\/p>\n<\/td>\n<td width=\"491\">\n<p>Donmadan ve direkt g\u00fcne\u015f \u0131\u015f\u0131\u011f\u0131ndan koruyunuz.<\/p>\n<\/td>\n<\/tr>\n<tr>\n<td width=\"151\">\n<p><strong><em>Ambalaj \u015fekl<\/em><\/strong><\/p>\n<\/td>\n<td width=\"491\">\n<p>1000 kg. ( IBC ) 160 kg.&#8217;l\u0131k orjinal ambalajlarda.<\/p>\n<\/td>\n<\/tr>\n<\/tbody>\n<\/table>\n<p><em>Verilen bilgilerin teknik ve hukuki ba\u011flay\u0131c\u0131l\u0131\u011f\u0131 yoktur. Denenerek uygulanmal\u0131d\u0131r.<\/em><\/p>\n<p><strong><u>\u00a0<\/u><\/strong><\/p>\n<p><em><u>\u00a0<\/u><\/em><\/p>\n<p><em><u>Daha ayr\u0131nt\u0131l\u0131 teknik bilgi ve destek teknik servisimizden sa\u011flanabilir.<\/u><\/em><\/p>\n<p><strong>\u00a0<\/strong><\/p>\n<p>Teknik b\u00fcltendeki bilgi ve \u00f6neriler sadece yol g\u00f6sterici nitelikte olup garanti anlam\u0131nda de\u011ferlendirilmemelidir. Teknik de\u011fi\u015fiklik hakk\u0131 sakl\u0131d\u0131r.<\/p>\n<p>Our techhnical\u00a0 informations are for guidance only; all data contained therein are given without guarantee. Technical modifications reserved.<\/p>\n\n<\/div><\/div>\n<div class=\"accordion-item\"><a href=\"#\" class=\"accordion-title plain\"><button class=\"toggle\"><i class=\"icon-angle-down\"><\/i><\/button><span>Sert Stiren Akrilik<\/span><\/a><div class=\"accordion-inner\">\n\n<p>Su Bazl\u0131 Emilsiyon Ba\u011flay\u0131c\u0131lar\u0131<\/p>\n<p>STERN AKR\u0130L\u0130K (SERT)<\/p>\n<table width=\"643\">\n<tbody>\n<tr>\n<td width=\"123\">\n<p><u>\u00a0<\/u><\/p>\n<\/td>\n<td width=\"321\">\n<p><em>\u00a0\u00a0\u00a0\u00a0\u00a0\u00a0\u00a0\u00a0\u00a0\u00a0\u00a0\u00a0\u00a0\u00a0\u00a0\u00a0\u00a0\u00a0\u00a0\u00a0\u00a0 ( Stiren Acrylic Copolymer Emulsion Binder)<\/em><\/p>\n<\/td>\n<td width=\"198\">\n<p>.<\/p>\n<\/td>\n<\/tr>\n<\/tbody>\n<\/table>\n<p>\u00a0<\/p>\n<p><strong><u>SU BAZLI S\u0130STEMLER \u0130\u00c7\u0130N EM\u00dcLS\u0130YON RE\u00c7\u0130NE<\/u><\/strong><\/p>\n<p><em><u>\u00d6zellikleri<\/u><\/em><\/p>\n<table width=\"643\">\n<tbody>\n<tr>\n<td width=\"170\">\n<p><strong><em>Tan\u0131m\u0131<\/em><\/strong><\/p>\n<\/td>\n<td width=\"472\">\n<p>%50 kat\u0131 maddeli, plastifiyan i\u00e7ermeyen\u00a0 stiren akrilik bir kopolimer em\u00fclsiyon olup yakla\u015f\u0131k 21\u00b0C de film olu\u015fturur. ADC 250 filminde su ve alkali direnci son derece y\u00fcksektir. Film bir kez olu\u015ftuktan sonra suyun hareketlerine be\u011fl\u0131 herhangi bir deformasyon g\u00f6zlenmeyecek ve su absorbsiyonu son derece d\u00fc\u015f\u00fck d\u00fczeyde kalacakt\u0131r.<\/p>\n<\/td>\n<\/tr>\n<tr>\n<td width=\"170\">\n<p><strong><em>G\u00f6r\u00fcn\u00fc\u015f\u00a0<\/em><\/strong><\/p>\n<\/td>\n<td width=\"472\">\n<p>Homojen, beyaz renkli em\u00fclsiyon<\/p>\n<\/td>\n<\/tr>\n<tr>\n<td width=\"170\">\n<p><strong><em>Kat\u0131 Madde <\/em><\/strong><\/p>\n<\/td>\n<td width=\"472\">\n<p>% 50 \u00b1 1\u00a0\u00a0\u00a0\u00a0\u00a0 <em>(150\u00b0C de 20 dakka, 0.6 gram)<\/em><\/p>\n<\/td>\n<\/tr>\n<tr>\n<td width=\"170\">\n<p><strong><em>PH(9 tampon)<\/em><\/strong><\/p>\n<\/td>\n<td width=\"472\">\n<p>8.0 \u2013 9.0<\/p>\n<\/td>\n<\/tr>\n<tr>\n<td width=\"170\">\n<p><strong><em>Viskozite (25 \u00b0C)<\/em><\/strong><\/p>\n<\/td>\n<td width=\"472\">\n<p>25.000 \u2013 60.000 cps.\u00a0 <em>(Brookfield LVDV-II, Spindle 4\/6 rpm)<\/em><\/p>\n<\/td>\n<\/tr>\n<tr>\n<td width=\"170\">\n<p><strong><em>En d\u00fc\u015f\u00fck film olu\u015fturma s\u0131cakl\u0131\u011f\u0131 MFFT<\/em><\/strong><\/p>\n<\/td>\n<td width=\"472\">\n<p>21\u00b0C<\/p>\n<\/td>\n<\/tr>\n<tr>\n<td width=\"170\">\n<p><strong><em>Jel (gr\/quart)<\/em><\/strong><\/p>\n<\/td>\n<td width=\"472\">\n<p>0.05 max.\u00a0 <em>(100 mesh)<\/em><\/p>\n<\/td>\n<\/tr>\n<tr>\n<td width=\"170\">\n<p><strong><em>Serbest monomer %<\/em><\/strong><\/p>\n<\/td>\n<td width=\"472\">\n<p>% 0.5 max.<\/p>\n<\/td>\n<\/tr>\n<tr>\n<td width=\"170\">\n<p><strong><em>Tanecik B\u00fcy\u00fckl\u00fc\u011f\u00fc <\/em><\/strong><\/p>\n<\/td>\n<td width=\"472\">\n<p>0.15 \u2013 0.5 mikron<\/p>\n<\/td>\n<\/tr>\n<\/tbody>\n<\/table>\n<p><em><u>Etki ve Kullan\u0131m Alan\u0131<\/u><\/em><\/p>\n<table width=\"643\">\n<tbody>\n<tr>\n<td colspan=\"2\" width=\"643\">\n<p>\u00b7\u00a0\u00a0\u00a0\u00a0\u00a0\u00a0\u00a0 Mat ve parlak tipteki y\u00fczey kaplama malzemelerinin, al\u00e7\u0131, s\u0131va, ta\u015f, beton, boya kaplama, s\u00f6ve tutkal\u0131 ah\u015fap ve \u00f6teki i\u00e7 ve d\u0131\u015f cephe y\u00fczeylerine uygulanmas\u0131nda ba\u011flay\u0131c\u0131 olarak yayg\u0131n bir bi\u00e7imde kullan\u0131l\u0131r.\u00a0<\/p>\n<p>\u00b7\u00a0\u00a0\u00a0\u00a0\u00a0\u00a0\u00a0 Ayr\u0131ca tekst\u00fcre malzemelerde ba\u011flay\u0131c\u0131 yada astar olarak da kullan\u0131labilir.<\/p>\n<\/td>\n<\/tr>\n<tr>\n<td width=\"151\">\n<p><strong><em>Depolama<\/em><\/strong><\/p>\n<\/td>\n<td width=\"491\">\n<p>Donmadan ve direkt g\u00fcne\u015f \u0131\u015f\u0131\u011f\u0131ndan koruyunuz.<\/p>\n<\/td>\n<\/tr>\n<tr>\n<td width=\"151\">\n<p><strong><em>Ambalaj \u015fekl<\/em><\/strong><\/p>\n<\/td>\n<td width=\"491\">\n<p>1000 kg. ( IBC )160 kg.&#8217;l\u0131k orjinal ambalajlarda.<\/p>\n<\/td>\n<\/tr>\n<\/tbody>\n<\/table>\n<p><em>Verilen bilgilerin teknik ve hukuki ba\u011flay\u0131c\u0131l\u0131\u011f\u0131 yoktur. Denenerek uygulanmal\u0131d\u0131r.<\/em><\/p>\n<p><em><u>\u00a0<\/u><\/em><\/p>\n<p><em><u>\u00a0<\/u><\/em><\/p>\n<p><em><u>\u00a0<\/u><\/em><\/p>\n<p><em><u>Daha ayr\u0131nt\u0131l\u0131 teknik bilgi ve destek teknik servisimizden sa\u011flanabilir.<\/u><\/em><\/p>\n<p><strong>\u00a0<\/strong><\/p>\n<p>Teknik b\u00fcltendeki bilgi ve \u00f6neriler sadece yol g\u00f6sterici nitelikte olup garanti anlam\u0131nda de\u011ferlendirilmemelidir. Teknik de\u011fi\u015fiklik hakk\u0131 sakl\u0131d\u0131r.<\/p>\n<p>Our techhnical\u00a0 informations are for guidance only; all data contained therein are given without guarantee. Technical modifications reserved.<\/p>\n\n<\/div><\/div>\n\n<\/div>\n\n<\/div><\/div>\n\n<\/div>","protected":false},"excerpt":{"rendered":"","protected":false},"author":1,"featured_media":0,"parent":0,"menu_order":0,"comment_status":"closed","ping_status":"closed","template":"","meta":{"footnotes":""},"class_list":["post-211","page","type-page","status-publish","hentry"],"_links":{"self":[{"href":"https:\/\/www.avgkimya.com\/en\/wp-json\/wp\/v2\/pages\/211","targetHints":{"allow":["GET"]}}],"collection":[{"href":"https:\/\/www.avgkimya.com\/en\/wp-json\/wp\/v2\/pages"}],"about":[{"href":"https:\/\/www.avgkimya.com\/en\/wp-json\/wp\/v2\/types\/page"}],"author":[{"embeddable":true,"href":"https:\/\/www.avgkimya.com\/en\/wp-json\/wp\/v2\/users\/1"}],"replies":[{"embeddable":true,"href":"https:\/\/www.avgkimya.com\/en\/wp-json\/wp\/v2\/comments?post=211"}],"version-history":[{"count":7,"href":"https:\/\/www.avgkimya.com\/en\/wp-json\/wp\/v2\/pages\/211\/revisions"}],"predecessor-version":[{"id":336,"href":"https:\/\/www.avgkimya.com\/en\/wp-json\/wp\/v2\/pages\/211\/revisions\/336"}],"wp:attachment":[{"href":"https:\/\/www.avgkimya.com\/en\/wp-json\/wp\/v2\/media?parent=211"}],"curies":[{"name":"wp","href":"https:\/\/api.w.org\/{rel}","templated":true}]}}