{"id":201,"date":"2021-04-27T15:34:44","date_gmt":"2021-04-27T15:34:44","guid":{"rendered":"http:\/\/www.avgkimya.com\/?page_id=201"},"modified":"2021-04-28T11:30:52","modified_gmt":"2021-04-28T11:30:52","slug":"karbon-siyah-pigmentler","status":"publish","type":"page","link":"https:\/\/www.avgkimya.com\/en\/karbon-siyah-pigmentler\/","title":{"rendered":"CARBON BLACK PIGMENTS"},"content":{"rendered":"<div class=\"container section-title-container\" ><h3 class=\"section-title section-title-center\"><b><\/b><span class=\"section-title-main\" >CARBON BLACK PIGMENTS<\/span><b><\/b><\/h3><\/div><!-- .section-title -->\n\n<div class=\"row\"  id=\"row-196619074\">\n\n<div class=\"col medium-4 small-12 large-4\"  ><div class=\"col-inner\"  >\n\n\t<div class=\"img has-hover x md-x lg-x y md-y lg-y\" id=\"image_1342090054\">\n\t\t\t\t\t\t\t\t<div class=\"img-inner dark\" >\n\t\t\t<img loading=\"lazy\" decoding=\"async\" width=\"273\" height=\"180\" src=\"https:\/\/www.avgkimya.com\/wp-content\/uploads\/2021\/04\/karbon-siyah-pigmentler_.jpg\" class=\"attachment-large size-large\" alt=\"\" srcset=\"https:\/\/www.avgkimya.com\/wp-content\/uploads\/2021\/04\/karbon-siyah-pigmentler_.jpg 273w, https:\/\/www.avgkimya.com\/wp-content\/uploads\/2021\/04\/karbon-siyah-pigmentler_-16x12.jpg 16w\" sizes=\"auto, (max-width: 273px) 100vw, 273px\" \/>\t\t\t\t\t\t\n\t\t\t\t\t<\/div>\n\t\t\t\t\t\t\t\t\n<style scope=\"scope\">\n\n#image_1342090054 {\n  width: 100%;\n}\n<\/style>\n\t<\/div>\n\t\n\n\n<\/div><\/div>\n<div class=\"col medium-8 small-12 large-8\"  ><div class=\"col-inner\"  >\n\n<div class=\"accordion\" rel=\"\">\n\n<div class=\"accordion-item\"><a href=\"#\" class=\"accordion-title plain\"><button class=\"toggle\"><i class=\"icon-angle-down\"><\/i><\/button><span>Printex U<\/span><\/a><div class=\"accordion-inner\">\n\n<p><strong>Printex-U<\/strong><\/p>\n<table width=\"643\">\n<tbody>\n<tr>\n<td width=\"123\">\n<p><u>\u00a0<\/u><\/p>\n<\/td>\n<td width=\"520\">\n<p><u>\u00a0<\/u><\/p>\n<\/td>\n<\/tr>\n<\/tbody>\n<\/table>\n<p><strong><em>( KARBON S\u0130YAHI P\u0130GMENT )<\/em><\/strong><\/p>\n<p><em><u>\u00d6zellikleri<\/u><\/em><\/p>\n<table width=\"643\">\n<tbody>\n<tr>\n<td width=\"189\">\n<p><strong><em>Kimyasal s\u0131n\u0131f\u0131<\/em><\/strong><\/p>\n<\/td>\n<td colspan=\"2\" width=\"454\">\n<p>Karbon siyah\u0131 pigment (saf karbon:C)<\/p>\n<\/td>\n<\/tr>\n<tr>\n<td width=\"189\">\n<p><strong><em>G\u00f6r\u00fcn\u00fc\u015f <\/em><\/strong><\/p>\n<\/td>\n<td colspan=\"2\" width=\"454\">\n<p><strong>Siyah <\/strong>ince toz pigment<\/p>\n<\/td>\n<\/tr>\n<tr>\n<td width=\"189\">\n<p><strong><em>Renk \u0130ndisi<\/em><\/strong><\/p>\n<\/td>\n<td colspan=\"2\" width=\"454\">\n<p>Pigment Black 7 (77266)<\/p>\n<\/td>\n<\/tr>\n<tr>\n<td width=\"189\">\n<p><strong><em>Y\u0131\u011fma Yo\u011funlu\u011fu<\/em><\/strong><\/p>\n<\/td>\n<td width=\"123\">\n<p>130<\/p>\n<\/td>\n<td width=\"331\">\n<p>(gr\/ml)<\/p>\n<\/td>\n<\/tr>\n<tr>\n<td width=\"189\">\n<p><strong><em>S\u0131k\u0131\u015ft\u0131r\u0131lm\u0131\u015f Hacmi<\/em><\/strong><\/p>\n<\/td>\n<td width=\"123\">\n<p>770<\/p>\n<\/td>\n<td width=\"331\">\n<p>(ml\/100g)<\/p>\n<\/td>\n<\/tr>\n<tr>\n<td width=\"189\">\n<p><strong><em>Asetonda\u00a0 \u00c7\u00f6z\u00fcn\u00fcrl\u00fc\u011f\u00fc %<\/em><\/strong><\/p>\n<\/td>\n<td width=\"123\">\n<p>0.8<\/p>\n<\/td>\n<td width=\"331\">\n<p>gr\/100 gr \/20\u00b0C<\/p>\n<\/td>\n<\/tr>\n<tr>\n<td width=\"189\">\n<p><strong><em>Nem Miktar\u0131\u00a0 <\/em><\/strong><\/p>\n<\/td>\n<td width=\"123\">\n<p>%4<\/p>\n<\/td>\n<td width=\"331\">\n<p>(Max)<\/p>\n<\/td>\n<\/tr>\n<tr>\n<td width=\"189\">\n<p><strong><em>Nigrometer \u0130ndex <\/em><\/strong><\/p>\n<\/td>\n<td width=\"123\">\n<p>83 <em>(Siyahl\u0131k \u0130ndeksi)<\/em><\/p>\n<\/td>\n<td width=\"331\">\n<p>100 \u00fczerinden<\/p>\n<\/td>\n<\/tr>\n<tr>\n<td width=\"189\">\n<p><strong><em>Boyama Kuvveti<\/em><\/strong><\/p>\n<\/td>\n<td width=\"123\">\n<p>0.95<\/p>\n<\/td>\n<td width=\"331\">\n<p>1 \u00fczerinden<\/p>\n<\/td>\n<\/tr>\n<tr>\n<td width=\"189\">\n<p><strong><em>\u00d6zg\u00fcl Y\u00fczey<\/em><\/strong><\/p>\n<\/td>\n<td width=\"123\">\n<p>105<\/p>\n<\/td>\n<td width=\"331\">\n<p>m\u00b2\/gr<\/p>\n<\/td>\n<\/tr>\n<tr>\n<td width=\"189\">\n<p><strong><em>K\u0131zd\u0131rma Kayb\u0131<\/em><\/strong><\/p>\n<\/td>\n<td width=\"123\">\n<p>6<\/p>\n<\/td>\n<td width=\"331\">\n<p>950\u00b0C de 7 dak.<\/p>\n<\/td>\n<\/tr>\n<tr>\n<td width=\"189\">\n<p><strong><em>K\u00fcl Miktar\u0131<\/em><\/strong><\/p>\n<\/td>\n<td width=\"123\">\n<p>% 0.02<\/p>\n<\/td>\n<td width=\"331\">\n<p>\u00a0<\/p>\n<\/td>\n<\/tr>\n<tr>\n<td width=\"189\">\n<p><strong><em>Ya\u011f Emmesi<\/em><\/strong><strong><em>\u00a0\u00a0\u00a0\u00a0 <\/em><\/strong><\/p>\n<\/td>\n<td width=\"123\">\n<p>460<\/p>\n<\/td>\n<td width=\"331\">\n<p>(g\/100g)<\/p>\n<\/td>\n<\/tr>\n<tr>\n<td width=\"189\">\n<p><strong><em>\u00d6zg\u00fcl A\u011f\u0131rl\u0131k<\/em><\/strong><\/p>\n<\/td>\n<td width=\"123\">\n<p>1.8<\/p>\n<\/td>\n<td width=\"331\">\n<p>(gr\/cm\u00b3\/20\u00b0C)<\/p>\n<\/td>\n<\/tr>\n<tr>\n<td width=\"189\">\n<p><strong><em>pH<\/em><\/strong><\/p>\n<\/td>\n<td width=\"123\">\n<p>4.5\u00b11.5<\/p>\n<\/td>\n<td width=\"331\">\n<p>(sulu \u00e7\u00f6zelti)<\/p>\n<\/td>\n<\/tr>\n<tr>\n<td width=\"189\">\n<p><strong><em>Ort.partik\u00fcl b\u00fcy\u00fckl\u00fc\u011f\u00fc<\/em><\/strong><\/p>\n<\/td>\n<td width=\"123\">\n<p>25 milimikron<\/p>\n<\/td>\n<td width=\"331\">\n<p>\u00a0<\/p>\n<\/td>\n<\/tr>\n<\/tbody>\n<\/table>\n<p><em><u>Etki ve Kullan\u0131m Alan\u0131<\/u><\/em><\/p>\n<table width=\"643\">\n<tbody>\n<tr>\n<td colspan=\"2\" width=\"643\">\n<p>\u00b7\u00a0\u00a0\u00a0\u00a0\u00a0\u00a0\u00a0\u00a0 Boyalar, m\u00fcrekkepler, karbon ka\u011f\u0131d\u0131, daktilo \u015feridi, plastik, PVC, kablo, kau\u00e7uk ve elyaf boyamas\u0131nda kullan\u0131l\u0131r.<\/p>\n<p>\u00b7\u00a0\u00a0\u00a0\u00a0\u00a0\u00a0\u00a0\u00a0 Boyalarda toplam form\u00fcl \u00fczerinden % 2 -3 oran\u0131nda kullan\u0131lmas\u0131 uygundur.<\/p>\n<\/td>\n<\/tr>\n<tr>\n<td width=\"151\">\n<p><strong><em>Depolama<\/em><\/strong><\/p>\n<\/td>\n<td width=\"491\">\n<p>K\u00f6t\u00fc hava ko\u015fullar\u0131na kar\u015f\u0131 koruyunuz. Ani \u0131s\u0131 farkl\u0131l\u0131klar\u0131ndan uzakta, kuru bir yerde depolay\u0131n\u0131z. A\u00e7\u0131k ambalajlar\u0131 \u00f6zel ko\u015fullarda tutunuz ve torbay\u0131 kullan\u0131m sonras\u0131 neme ve kirlenmeye kar\u015f\u0131 hemen kapat\u0131n\u0131z.<\/p>\n<\/td>\n<\/tr>\n<tr>\n<td width=\"151\">\n<p><strong><em>Ambalaj \u015fekli<\/em><\/strong><\/p>\n<\/td>\n<td width=\"491\">\n<p>10.-kg l\u0131k orijinal\u00a0 torbalarda<\/p>\n<\/td>\n<\/tr>\n<\/tbody>\n<\/table>\n<p><em>Verilen bilgilerin teknik ve hukuki ba\u011flay\u0131c\u0131l\u0131\u011f\u0131 yoktur. Denenerek uygulanmal\u0131d\u0131r.<\/em><\/p>\n<p><strong>\u00a0<\/strong><\/p>\n<p><em><u>Daha ayr\u0131nt\u0131l\u0131 teknik bilgi ve destek teknik servisimizden sa\u011flanabilir.<\/u><\/em><\/p>\n<p><em><u>\u00a0<\/u><\/em><\/p>\n<p>Teknik b\u00fcltendeki bilgi ve \u00f6neriler sadece yol g\u00f6sterici nitelikte olup garanti anlam\u0131nda de\u011ferlendirilmemelidir. Teknik de\u011fi\u015fiklik hakk\u0131 sakl\u0131d\u0131r.<\/p>\n<p>Our techhnical\u00a0 informations are for guidance only; all data contained therein are given without guarantee. Technical modifications reserved.<\/p>\n\n<\/div><\/div>\n\n<\/div>\n\n<\/div><\/div>\n\n<\/div>","protected":false},"excerpt":{"rendered":"","protected":false},"author":1,"featured_media":0,"parent":0,"menu_order":0,"comment_status":"closed","ping_status":"closed","template":"","meta":{"footnotes":""},"class_list":["post-201","page","type-page","status-publish","hentry"],"_links":{"self":[{"href":"https:\/\/www.avgkimya.com\/en\/wp-json\/wp\/v2\/pages\/201","targetHints":{"allow":["GET"]}}],"collection":[{"href":"https:\/\/www.avgkimya.com\/en\/wp-json\/wp\/v2\/pages"}],"about":[{"href":"https:\/\/www.avgkimya.com\/en\/wp-json\/wp\/v2\/types\/page"}],"author":[{"embeddable":true,"href":"https:\/\/www.avgkimya.com\/en\/wp-json\/wp\/v2\/users\/1"}],"replies":[{"embeddable":true,"href":"https:\/\/www.avgkimya.com\/en\/wp-json\/wp\/v2\/comments?post=201"}],"version-history":[{"count":2,"href":"https:\/\/www.avgkimya.com\/en\/wp-json\/wp\/v2\/pages\/201\/revisions"}],"predecessor-version":[{"id":274,"href":"https:\/\/www.avgkimya.com\/en\/wp-json\/wp\/v2\/pages\/201\/revisions\/274"}],"wp:attachment":[{"href":"https:\/\/www.avgkimya.com\/en\/wp-json\/wp\/v2\/media?parent=201"}],"curies":[{"name":"wp","href":"https:\/\/api.w.org\/{rel}","templated":true}]}}