{"id":193,"date":"2021-04-27T15:24:35","date_gmt":"2021-04-27T15:24:35","guid":{"rendered":"http:\/\/www.avgkimya.com\/?page_id=193"},"modified":"2021-05-05T12:18:31","modified_gmt":"2021-05-05T12:18:31","slug":"dolgular","status":"publish","type":"page","link":"https:\/\/www.avgkimya.com\/en\/dolgular\/","title":{"rendered":"FILLINGS"},"content":{"rendered":"<div class=\"container section-title-container\" ><h2 class=\"section-title section-title-center\"><b><\/b><span class=\"section-title-main\" >FILLINGS<\/span><b><\/b><\/h2><\/div><!-- .section-title -->\n\n<div class=\"row\"  id=\"row-2119354181\">\n\n<div class=\"col small-12 large-12\"  ><div class=\"col-inner\"  >\n\n\t<div class=\"img has-hover x md-x lg-x y md-y lg-y\" id=\"image_424948831\">\n\t\t\t\t\t\t\t\t<div class=\"img-inner dark\" >\n\t\t\t<img loading=\"lazy\" decoding=\"async\" width=\"1020\" height=\"201\" src=\"https:\/\/www.avgkimya.com\/wp-content\/uploads\/2021\/04\/dolgular_banner-1024x202.jpg\" class=\"attachment-large size-large\" alt=\"\" srcset=\"https:\/\/www.avgkimya.com\/wp-content\/uploads\/2021\/04\/dolgular_banner-1024x202.jpg 1024w, https:\/\/www.avgkimya.com\/wp-content\/uploads\/2021\/04\/dolgular_banner-768x152.jpg 768w, https:\/\/www.avgkimya.com\/wp-content\/uploads\/2021\/04\/dolgular_banner-1536x303.jpg 1536w, https:\/\/www.avgkimya.com\/wp-content\/uploads\/2021\/04\/dolgular_banner-16x3.jpg 16w, https:\/\/www.avgkimya.com\/wp-content\/uploads\/2021\/04\/dolgular_banner.jpg 1600w\" sizes=\"auto, (max-width: 1020px) 100vw, 1020px\" \/>\t\t\t\t\t\t\n\t\t\t\t\t<\/div>\n\t\t\t\t\t\t\t\t\n<style scope=\"scope\">\n\n#image_424948831 {\n  width: 100%;\n}\n<\/style>\n\t<\/div>\n\t\n\n\n<\/div><\/div>\n\n<\/div>\n<div class=\"accordion\" rel=\"\">\n\n<div class=\"accordion-item\"><a href=\"#\" class=\"accordion-title plain\"><button class=\"toggle\"><i class=\"icon-angle-down\"><\/i><\/button><span>Al\u00fcminyum Silikat<\/span><\/a><div class=\"accordion-inner\">\n\n<p>\u00a0<\/p>\n<p><strong>SENTET\u0130K AL\u00dcM\u0130NYUM S\u0130L\u0130KAT<\/strong><\/p>\n<table width=\"643\">\n<tbody>\n<tr>\n<td width=\"123\">\n<p><u>\u00a0<\/u><\/p>\n<\/td>\n<td width=\"520\">\n<p><em>\u00a0\u00a0\u00a0 <\/em><\/p>\n<\/td>\n<\/tr>\n<\/tbody>\n<\/table>\n<p><strong><u>DOLGU<\/u><\/strong><\/p>\n<p><em><u>\u00d6zellikleri<\/u><\/em><\/p>\n<table width=\"643\">\n<tbody>\n<tr>\n<td width=\"208\">\n<p><strong><em>Tan\u0131m\u0131 <\/em><\/strong><\/p>\n<\/td>\n<td colspan=\"3\" width=\"435\">\n<p>\u0130nce toz halinde, sentetik sodyum al\u00fcminyum silikatt\u0131r.<\/p>\n<\/td>\n<\/tr>\n<tr>\n<td width=\"208\">\n<p><strong><em>Pigment ad\u0131 ve kodu<\/em><\/strong><\/p>\n<\/td>\n<td colspan=\"3\" width=\"435\">\n<p>Al\u00fcminyum Silikat<\/p>\n<\/td>\n<\/tr>\n<tr>\n<td width=\"208\">\n<p><strong><em>G\u00f6r\u00fcn\u00fc\u015f <\/em><\/strong><\/p>\n<\/td>\n<td width=\"180\">\n<p>Temiz, beyaz toz<\/p>\n<\/td>\n<td width=\"76\">\n<p>ETY 030<\/p>\n<\/td>\n<td width=\"180\">\u00a0<\/td>\n<\/tr>\n<tr>\n<td width=\"208\">\n<p><strong><em>pH <\/em><\/strong><\/p>\n<\/td>\n<td width=\"180\">\n<p>10.0 \u2013 11.5 <em>(% 5\u2019lik \u00e7\u00f6zeltisi)<\/em><\/p>\n<\/td>\n<td width=\"76\">\n<p>ETY 026\/7<\/p>\n<\/td>\n<td width=\"180\">\n<p>DIN 53200<\/p>\n<\/td>\n<\/tr>\n<tr>\n<td width=\"208\">\n<p><strong><em>Nem miktar\u0131<\/em><\/strong><\/p>\n<\/td>\n<td width=\"180\">\n<p>En\u00e7ok: % 7.0\u00a0 <em>(105\u00b0C de)<\/em><\/p>\n<\/td>\n<td width=\"76\">\n<p>ETY 007\/10<\/p>\n<\/td>\n<td width=\"180\">\u00a0<\/td>\n<\/tr>\n<tr>\n<td width=\"208\">\n<p><strong><em>K\u0131zd\u0131rma kayb\u0131*<\/em><\/strong><\/p>\n<\/td>\n<td width=\"180\">\n<p>En\u00e7ok: % 13.0\u00a0 <em>(1.000\u00b0C de)<\/em><\/p>\n<\/td>\n<td width=\"76\">\n<p>ETY 047\/1<\/p>\n<\/td>\n<td width=\"180\">\n<p>ASTM D 280-33<\/p>\n<\/td>\n<\/tr>\n<tr>\n<td width=\"208\">\n<p><strong><em>SiO<sub>2<\/sub> miktar\u0131**<\/em><\/strong><\/p>\n<\/td>\n<td width=\"180\">\n<p>Enaz % 82.0<\/p>\n<\/td>\n<td width=\"76\">\n<p>ETY 009\/4<\/p>\n<\/td>\n<td width=\"180\">\u00a0<\/td>\n<\/tr>\n<tr>\n<td width=\"208\">\n<p><strong><em>Al<sub>2<\/sub>O<sub>3<\/sub> miktar\u0131**<\/em><\/strong><\/p>\n<\/td>\n<td width=\"180\">\n<p>Enaz % 9.0<\/p>\n<\/td>\n<td width=\"76\">\n<p>ETY010\/7<\/p>\n<\/td>\n<td width=\"180\">\u00a0<\/td>\n<\/tr>\n<tr>\n<td width=\"208\">\n<p><strong><em>Na<sub>2<\/sub>O miktar\u0131**<\/em><\/strong><\/p>\n<\/td>\n<td width=\"180\">\n<p>Enaz % 5.0<\/p>\n<\/td>\n<td width=\"76\">\n<p>ETY 016\/4<\/p>\n<\/td>\n<td width=\"180\">\u00a0<\/td>\n<\/tr>\n<tr>\n<td width=\"208\">\n<p><strong><em>MgO miktar\u0131<\/em><\/strong><\/p>\n<\/td>\n<td width=\"180\">\n<p>% 2.0<\/p>\n<\/td>\n<td width=\"76\">\n<p>ETY 015<\/p>\n<\/td>\n<td width=\"180\">\u00a0<\/td>\n<\/tr>\n<tr>\n<td width=\"208\">\n<p><strong><em>Suda \u00e7\u00f6z\u00fcnen miktar<\/em><\/strong><\/p>\n<\/td>\n<td width=\"180\">\n<p>En\u00e7ok % 2.0<\/p>\n<\/td>\n<td width=\"76\">\n<p>ETY 032\/1<\/p>\n<\/td>\n<td width=\"180\">\u00a0<\/td>\n<\/tr>\n<tr>\n<td width=\"208\">\n<p><strong><em>Y\u00fczey alan\u0131 (BET)<\/em><\/strong><\/p>\n<\/td>\n<td width=\"180\">\n<p>75 \u00b1.5\u00a0 m<sup>2<\/sup>\/gr<\/p>\n<\/td>\n<td width=\"76\">\n<p>ETY 033<\/p>\n<\/td>\n<td width=\"180\">\u00a0<\/td>\n<\/tr>\n<tr>\n<td width=\"208\">\n<p><strong><em>Tane b\u00fcy\u00fckl\u00fc\u011f\u00fc <\/em><\/strong><\/p>\n<\/td>\n<td width=\"180\">\n<p>En\u00e7ok 8.5 mm <em>(ortalama)<\/em><\/p>\n<\/td>\n<td width=\"76\">\n<p>ETY 080<\/p>\n<\/td>\n<td width=\"180\">\n<p>(Coulter;Median)<\/p>\n<\/td>\n<\/tr>\n<tr>\n<td width=\"208\">\n<p><strong><em>DOP emmesi<\/em><\/strong><\/p>\n<\/td>\n<td width=\"180\">\n<p>180-220 cc\/100g<\/p>\n<\/td>\n<td colspan=\"2\" width=\"255\">\n<p>ETY 031<\/p>\n<\/td>\n<\/tr>\n<tr>\n<td width=\"208\">\n<p><strong><em>Y\u0131\u011f\u0131n Yo\u011funlu\u011fu<\/em><\/strong><\/p>\n<\/td>\n<td width=\"180\">\n<p>175\u00a0 \u00b1 15 kg\/m<sup>3<\/sup><\/p>\n<\/td>\n<td colspan=\"2\" width=\"255\">\n<p>ETY 027<\/p>\n<\/td>\n<\/tr>\n<\/tbody>\n<\/table>\n<p><em>*: Nem miktar\u0131 dahildir. \u00a0\u00a0\u00a0\u00a0\u00a0\u00a0**: De\u011ferler k\u0131zd\u0131r\u0131lm\u0131\u015f \u00f6rnek \u00fczerindendir.<\/em><\/p>\n<p><em><u>Etki ve Kullan\u0131m Alan\u0131<\/u><\/em><\/p>\n<table width=\"643\">\n<tbody>\n<tr>\n<td colspan=\"2\" width=\"643\">\n<p>\u00a7\u00a0\u00a0 Genel kullan\u0131m alanlar\u0131; boya ve ka\u011f\u0131t sanayidir.\u00a7\u00a0\u00a0 Boya sekt\u00f6r\u00fcnde, boyan\u0131n \u00f6rt\u00fcc\u00fcl\u00fc\u011f\u00fcn\u00fc, kapat\u0131c\u0131l\u0131\u011f\u0131n\u0131 art\u0131r\u0131p boyan\u0131n akmas\u0131n\u0131 engeller. Boyaya tiksotropik \u00f6zellik sa\u011flar ve dolay\u0131s\u0131yla boyan\u0131n \u00e7\u00f6kmesini \u00f6nler. Ayn\u0131 zamanda boyaya y\u00fczey sertli\u011fi verebilmektedir. Ayr\u0131ca renkli boyalarda daha canl\u0131 renk tonlar\u0131 olu\u015fmas\u0131n\u0131 sa\u011flar.<\/p>\n<\/td>\n<\/tr>\n<tr>\n<td width=\"151\">\n<p><strong><em>Depolama<\/em><\/strong><\/p>\n<\/td>\n<td width=\"491\">\n<p>K\u00f6t\u00fc hava ko\u015fullar\u0131na kar\u015f\u0131 koruyunuz. Ani \u0131s\u0131 farkl\u0131l\u0131klar\u0131ndan uzakta, kuru bir yerde depolay\u0131n\u0131z. A\u00e7\u0131k ambalajlar\u0131 \u00f6zel ko\u015fullarda tutunuz ve torbay\u0131 kullan\u0131m sonras\u0131 neme ve kirlenmeye kar\u015f\u0131 hemen kapat\u0131n\u0131z. \u00dcretim tarihinden itibaren bir y\u0131l i\u00e7inde kullan\u0131lmal\u0131d\u0131r.<\/p>\n<\/td>\n<\/tr>\n<tr>\n<td width=\"151\">\n<p><strong><em>Ambalaj \u015fekli<\/em><\/strong><\/p>\n<\/td>\n<td width=\"491\">\n<p>Orijinal\u00a0 kraft torbalarda<\/p>\n<\/td>\n<\/tr>\n<\/tbody>\n<\/table>\n<p><em>Verilen bilgilerin teknik ve hukuki ba\u011flay\u0131c\u0131l\u0131\u011f\u0131 yoktur. Denenerek uygulanmal\u0131d\u0131r.<\/em><\/p>\n<p><em><u>\u00a0<\/u><\/em><\/p>\n<p>Teknik b\u00fcltendeki bilgi ve \u00f6neriler sadece yol g\u00f6sterici nitelikte olup garanti anlam\u0131nda de\u011ferlendirilmemelidir. Teknik de\u011fi\u015fiklik hakk\u0131 sakl\u0131d\u0131r.<\/p>\n<p>Our techhnical\u00a0 informations are for guidance only; all data contained therein are given without guarantee. Technical modifications reserved.<\/p>\n\n<\/div><\/div>\n<div class=\"accordion-item\"><a href=\"#\" class=\"accordion-title plain\"><button class=\"toggle\"><i class=\"icon-angle-down\"><\/i><\/button><span>Barit<\/span><\/a><div class=\"accordion-inner\">\n\n<p>\u00a0<\/p>\n<p><strong>Barit Extra<\/strong><\/p>\n<table width=\"643\">\n<tbody>\n<tr>\n<td width=\"123\">\n<p><strong><em>\u00a0<\/em><\/strong><em>\u00a0\u00a0\u00a0\u00a0\u00a0\u00a0\u00a0\u00a0\u00a0\u00a0\u00a0\u00a0\u00a0\u00a0\u00a0\u00a0\u00a0\u00a0\u00a0\u00a0\u00a0\u00a0\u00a0\u00a0\u00a0\u00a0\u00a0 <\/em><\/p>\n<\/td>\n<td width=\"520\">\n<p><em>\u00a0\u00a0\u00a0 <\/em><\/p>\n<\/td>\n<\/tr>\n<\/tbody>\n<\/table>\n<p><strong><u>DOLGU<\/u><\/strong><\/p>\n<p><em><u>\u00d6zellikleri<\/u><\/em><\/p>\n<table width=\"643\">\n<tbody>\n<tr>\n<td width=\"180\">\n<p><strong><em>\u00dcretim yeri <\/em><\/strong><\/p>\n<\/td>\n<td colspan=\"2\" width=\"463\">\n<p>T\u00fcrkiye<\/p>\n<\/td>\n<\/tr>\n<tr>\n<td width=\"180\">\n<p><strong><em>\u00dcr\u00fcn tan\u0131m\u0131 <\/em><\/strong><\/p>\n<\/td>\n<td colspan=\"2\" width=\"463\">\n<p>Orta Anadolu ve Akdeniz B\u00f6lgelerinden sa\u011flanan y\u00fcksek safl\u0131k ve beyazl\u0131ktaki barit mineralinin mikronize edilmesi ile elde edilen <em>Baryum S\u00fclfat<\/em> tozudur.<\/p>\n<\/td>\n<\/tr>\n<tr>\n<td width=\"180\">\n<p><strong><em>BaSO<sub>4<\/sub> miktar\u0131<\/em><\/strong><\/p>\n<\/td>\n<td colspan=\"2\" width=\"463\">\n<p>Enaz % 96<\/p>\n<\/td>\n<\/tr>\n<tr>\n<td width=\"180\">\n<p><strong><em>SiO<sub>2<\/sub> miktar\u0131<\/em><\/strong><\/p>\n<\/td>\n<td colspan=\"2\" width=\"463\">\n<p>En\u00e7ok % 0.4<\/p>\n<\/td>\n<\/tr>\n<tr>\n<td width=\"180\">\n<p><strong><em>CaO miktar\u0131<\/em><\/strong><\/p>\n<\/td>\n<td colspan=\"2\" width=\"463\">\n<p>En\u00e7ok % 1<\/p>\n<\/td>\n<\/tr>\n<tr>\n<td width=\"180\">\n<p><strong><em>Al<sub>2<\/sub>O<sub>3<\/sub> miktar\u0131<\/em><\/strong><\/p>\n<\/td>\n<td colspan=\"2\" width=\"463\">\n<p>En\u00e7ok % 0.3<\/p>\n<\/td>\n<\/tr>\n<tr>\n<td width=\"180\">\n<p><strong><em>Fe<sub>2<\/sub>O<sub>3<\/sub> miktar\u0131<\/em><\/strong><\/p>\n<\/td>\n<td colspan=\"2\" width=\"463\">\n<p>En\u00e7ok % 0.2<\/p>\n<\/td>\n<\/tr>\n<tr>\n<td width=\"180\">\n<p><strong><em>A.Z miktar\u0131<\/em><\/strong><\/p>\n<\/td>\n<td colspan=\"2\" width=\"463\">\n<p>% 1<\/p>\n<\/td>\n<\/tr>\n<tr>\n<td width=\"180\">\n<p><strong><em>Yo\u011funlu\u011fu<\/em><\/strong><\/p>\n<\/td>\n<td width=\"208\">\n<p>4.3 g\/ml<\/p>\n<\/td>\n<td width=\"255\">\n<p>ISO 787\/10<\/p>\n<\/td>\n<\/tr>\n<tr>\n<td width=\"180\">\n<p><strong><em>Sertlik <\/em><\/strong><\/p>\n<\/td>\n<td width=\"208\">\n<p>3.25<\/p>\n<\/td>\n<td width=\"255\">\n<p><em>(Moh\u2019s skalas\u0131na g\u00f6re)<\/em><\/p>\n<\/td>\n<\/tr>\n<tr>\n<td width=\"180\">\n<p><strong><em>Refraktif \u0130ndex<\/em><\/strong><\/p>\n<\/td>\n<td width=\"208\">\n<p>1.6<\/p>\n<\/td>\n<td width=\"255\">\n<p>\u00a0<\/p>\n<\/td>\n<\/tr>\n<tr>\n<td width=\"180\">\n<p><strong><em>Elek bakiyesi<\/em><\/strong><\/p>\n<\/td>\n<td width=\"208\">\n<p>% 0.1 \u00a0<em>(44<\/em><em>m<\/em><em>\u00a0 elek)<\/em><\/p>\n<\/td>\n<td width=\"255\">\n<p>ISO 787\/10<\/p>\n<\/td>\n<\/tr>\n<tr>\n<td width=\"180\">\n<p><strong><em>Ortalama tane b\u00fcy\u00fckl\u00fc\u011f\u00fc<\/em><\/strong><\/p>\n<\/td>\n<td width=\"208\">\n<p>4.54 mikron<\/p>\n<\/td>\n<td width=\"255\">\n<p>\u00a0<\/p>\n<\/td>\n<\/tr>\n<tr>\n<td width=\"180\">\n<p><strong><em>Beyazl\u0131k <\/em><\/strong><\/p>\n<\/td>\n<td width=\"208\">\n<p>Enaz %90<\/p>\n<\/td>\n<td width=\"255\">\n<p>Ry,C\/2, DIN 53 163<\/p>\n<\/td>\n<\/tr>\n<tr>\n<td width=\"180\">\n<p><strong><em>Nem miktar\u0131 <\/em><\/strong><\/p>\n<\/td>\n<td width=\"208\">\n<p>% 0.1<\/p>\n<\/td>\n<td width=\"255\">\n<p>ISO 787\/2<\/p>\n<\/td>\n<\/tr>\n<tr>\n<td width=\"180\">\n<p><strong><em>D\u00f6kme yo\u011funlu\u011fu<\/em><\/strong><\/p>\n<\/td>\n<td width=\"208\">\n<p>1.8 g\/ml<\/p>\n<\/td>\n<td width=\"255\">\n<p>ISO 787\/11<\/p>\n<\/td>\n<\/tr>\n<tr>\n<td width=\"180\">\n<p><strong><em>pH de\u011feri<\/em><\/strong><\/p>\n<\/td>\n<td width=\"208\">\n<p>7.8<\/p>\n<\/td>\n<td width=\"255\">\n<p>ISO 787\/9<\/p>\n<\/td>\n<\/tr>\n<tr>\n<td width=\"180\">\n<p><strong><em>Ya\u011f emmesi<\/em><\/strong><\/p>\n<\/td>\n<td width=\"208\">\n<p>16 ml\/100g<\/p>\n<\/td>\n<td width=\"255\">\n<p>ISO 787\/5<\/p>\n<\/td>\n<\/tr>\n<\/tbody>\n<\/table>\n<p><em><u>Kullan\u0131m Alan\u0131<\/u><\/em><\/p>\n<table width=\"643\">\n<tbody>\n<tr>\n<td colspan=\"2\" width=\"643\">\n<p>\u00b7\u00a0\u00a0\u00a0\u00a0\u00a0\u00a0\u00a0 Boya, plastik, kau\u00e7uk ve kimya sekt\u00f6rlerinde kullan\u0131l\u0131r.<\/p>\n<\/td>\n<\/tr>\n<tr>\n<td width=\"151\">\n<p><strong><em>Depolama<\/em><\/strong><\/p>\n<\/td>\n<td width=\"491\">\n<p>K\u00f6t\u00fc hava ko\u015fullar\u0131na kar\u015f\u0131 koruyunuz. A\u00e7\u0131k ambalajlar\u0131 \u00f6zel ko\u015fullarda tutunuz ve torbay\u0131 kullan\u0131m sonras\u0131 neme ve kirlenmeye kar\u015f\u0131 hemen kapat\u0131n\u0131z.<\/p>\n<\/td>\n<\/tr>\n<tr>\n<td width=\"151\">\n<p><strong><em>Ambalaj \u015fekli<\/em><\/strong><\/p>\n<\/td>\n<td width=\"491\">\n<p>40.-kg l\u0131k 3 katl\u0131 kraft torbalarda<\/p>\n<\/td>\n<\/tr>\n<\/tbody>\n<\/table>\n<p><em>Verilen bilgilerin teknik ve hukuki ba\u011flay\u0131c\u0131l\u0131\u011f\u0131 yoktur. Denenerek uygulanmal\u0131d\u0131r.<\/em><\/p>\n<p><strong><u>\u00a0<\/u><\/strong><\/p>\n<p><em><u>\u00a0<\/u><\/em><\/p>\n<p>Teknik b\u00fcltendeki bilgi ve \u00f6neriler sadece yol g\u00f6sterici nitelikte olup garanti anlam\u0131nda de\u011ferlendirilmemelidir. Teknik de\u011fi\u015fiklik hakk\u0131 sakl\u0131d\u0131r.<\/p>\n<p>Our techhnical\u00a0 informations are for guidance only; all data contained therein are given without guarantee. Technical modifications reserved.<\/p>\n\n<\/div><\/div>\n<div class=\"accordion-item\"><a href=\"#\" class=\"accordion-title plain\"><button class=\"toggle\"><i class=\"icon-angle-down\"><\/i><\/button><span>Blanc Fixe<\/span><\/a><div class=\"accordion-inner\">\n\n<p>\u00a0<\/p>\n<p><strong>BLANC FIXE PRECIPITATED<\/strong><\/p>\n<p><strong>GRADE A ( BARYUM S\u00dcLFAT)<\/strong><\/p>\n<table width=\"643\">\n<tbody>\n<tr>\n<td width=\"123\">\n<p><em>\u00a0\u00a0\u00a0\u00a0\u00a0\u00a0\u00a0\u00a0\u00a0\u00a0\u00a0\u00a0\u00a0\u00a0\u00a0\u00a0\u00a0\u00a0\u00a0\u00a0\u00a0\u00a0\u00a0\u00a0\u00a0\u00a0 <\/em><\/p>\n<\/td>\n<td width=\"520\">\n<p><em>\u00a0\u00a0\u00a0 <\/em><\/p>\n<\/td>\n<\/tr>\n<\/tbody>\n<\/table>\n<p><strong><u>DOLGU<\/u><\/strong><\/p>\n<p><em><u>\u00d6zellikleri<\/u><\/em><\/p>\n<table width=\"643\">\n<tbody>\n<tr>\n<td width=\"208\">\n<p><strong><em>\u00dcr\u00fcn tan\u0131m\u0131 <\/em><\/strong><\/p>\n<\/td>\n<td colspan=\"2\" width=\"435\">\n<p>\u00c7ok ince tanecikli \u00e7\u00f6kt\u00fcr\u00fclm\u00fc\u015f baryum s\u00fclfat<\/p>\n<\/td>\n<\/tr>\n<tr>\n<td width=\"208\">\n<p><strong><em>Nem miktar\u0131<\/em><\/strong><\/p>\n<\/td>\n<td colspan=\"2\" width=\"435\">\n<p>% 0.08<\/p>\n<\/td>\n<\/tr>\n<tr>\n<td width=\"208\">\n<p><strong><em>Suda \u00e7\u00f6z\u00fcnen madde miktar\u0131<\/em><\/strong><\/p>\n<\/td>\n<td colspan=\"2\" width=\"435\">\n<p>% 0.17<\/p>\n<\/td>\n<\/tr>\n<tr>\n<td width=\"208\">\n<p><strong><em>Fe miktar\u0131<\/em><\/strong><\/p>\n<\/td>\n<td width=\"180\">\n<p>% 0.001<\/p>\n<\/td>\n<td width=\"255\">\n<p>\u00a0<\/p>\n<\/td>\n<\/tr>\n<tr>\n<td width=\"208\">\n<p><strong><em>Beyazl\u0131k<\/em><\/strong><\/p>\n<\/td>\n<td width=\"180\">\n<p>% 94.8<\/p>\n<\/td>\n<td width=\"255\">\n<p>\u00a0<\/p>\n<\/td>\n<\/tr>\n<tr>\n<td width=\"208\">\n<p><strong><em>Ya\u011f absorbsiyonu <\/em><\/strong><\/p>\n<\/td>\n<td width=\"180\">\n<p>% 15.4 g\/100g<\/p>\n<\/td>\n<td width=\"255\">\n<p>\u00a0<\/p>\n<\/td>\n<\/tr>\n<tr>\n<td width=\"208\">\n<p><strong><em>Elek bakiyesi (325 mesh elek)<\/em><\/strong><\/p>\n<\/td>\n<td width=\"180\">\n<p>% 0.03<\/p>\n<\/td>\n<td width=\"255\">\n<p>ISO 787\/10<\/p>\n<\/td>\n<\/tr>\n<tr>\n<td width=\"208\">\n<p><strong><em>pH de\u011feri<\/em><\/strong><\/p>\n<\/td>\n<td width=\"180\">\n<p>7.2<\/p>\n<\/td>\n<td width=\"255\">\n<p>ISO 787\/9<\/p>\n<\/td>\n<\/tr>\n<\/tbody>\n<\/table>\n<p><em><u>\u00a0<\/u><\/em><\/p>\n<p><em><u>Etki ve Kullan\u0131m Alan\u0131<\/u><\/em><\/p>\n<table width=\"643\">\n<tbody>\n<tr>\n<td colspan=\"2\" width=\"643\">\n<p>\u00b7\u00a0\u00a0\u00a0\u00a0\u00a0\u00a0\u00a0 \u00d6zel i\u015fleme tabi tutulmas\u0131 ve organik muamele sonucu, y\u00fcksek da\u011f\u0131t\u0131labilirlik g\u00fcc\u00fc ve d\u00fc\u015f\u00fck ba\u011flay\u0131c\u0131ya ihtiya\u00e7 g\u00f6sterirler. Ek i\u015fleme tabi tutulmu\u015f olmalar\u0131 dolay\u0131s\u0131yla do\u011fal dolgulara g\u00f6re daha parlakt\u0131rlar. \u00d6zellikle hava ko\u015fullar\u0131na ba\u011fl\u0131 olarak tebe\u015firlenmeye kar\u015f\u0131 daha diren\u00e7li olup, daha iyi cila tutma \u00f6zelliklerine sahiptirler.<\/p>\n<p>\u00b7\u00a0\u00a0\u00a0\u00a0\u00a0\u00a0\u00a0 Kullan\u0131m yerlerine g\u00f6re pigmentin (titandioksit) %10-20 si kadar kullan\u0131larak pigment maliyetinden tasarruf sa\u011flarlar.<\/p>\n<p>\u00b7\u00a0\u00a0\u00a0\u00a0\u00a0\u00a0\u00a0 \u00c7ift komponentli, akrilat esasl\u0131 boya sistemleri ; ya\u011f esasl\u0131 alkid re\u00e7ineli boya sistemleri; toz boya sistemleri; plastik sekt\u00f6r\u00fc ve kau\u00e7uk sekt\u00f6r\u00fcnde kullan\u0131l\u0131rlar.<\/p>\n<p>\u00a0<\/p>\n<\/td>\n<\/tr>\n<tr>\n<td width=\"151\">\n<p><strong><em>Depolama<\/em><\/strong><\/p>\n<\/td>\n<td width=\"491\">\n<p>Uygun muhafaza ko\u015fullar\u0131nda saklanmas\u0131 tavsiye edilir.<\/p>\n<\/td>\n<\/tr>\n<tr>\n<td width=\"151\">\n<p><strong><em>Ambalaj \u015fekli<\/em><\/strong><\/p>\n<\/td>\n<td width=\"491\">\n<p>\u00a0<\/p>\n<\/td>\n<\/tr>\n<\/tbody>\n<\/table>\n<p><em>Verilen bilgilerin teknik ve hukuki ba\u011flay\u0131c\u0131l\u0131\u011f\u0131 yoktur. Denenerek uygulanmal\u0131d\u0131r.<\/em><\/p>\n<p><strong><u>\u00a0<\/u><\/strong><\/p>\n<p>Teknik b\u00fcltendeki bilgi ve \u00f6neriler sadece yol g\u00f6sterici nitelikte olup garanti anlam\u0131nda de\u011ferlendirilmemelidir. Teknik de\u011fi\u015fiklik hakk\u0131 sakl\u0131d\u0131r.<\/p>\n<p>Our techhnical\u00a0 informations are for guidance only; all data contained therein are given without guarantee. Technical modifications reserved.<\/p>\n\n<\/div><\/div>\n<div class=\"accordion-item\"><a href=\"#\" class=\"accordion-title plain\"><button class=\"toggle\"><i class=\"icon-angle-down\"><\/i><\/button><span>Lithapone<\/span><\/a><div class=\"accordion-inner\">\n\n<p><strong>LITHOPONE %28-30<\/strong><\/p>\n<table width=\"643\">\n<tbody>\n<tr>\n<td width=\"123\">\n<p><em>\u00a0\u00a0\u00a0\u00a0\u00a0\u00a0\u00a0\u00a0\u00a0\u00a0\u00a0\u00a0\u00a0\u00a0\u00a0\u00a0\u00a0\u00a0\u00a0\u00a0\u00a0\u00a0\u00a0\u00a0\u00a0 <\/em><\/p>\n<\/td>\n<td width=\"520\">\n<p>\u00a0<\/p>\n<\/td>\n<\/tr>\n<\/tbody>\n<\/table>\n<p><strong>( DOLGU )<\/strong><\/p>\n<p><em><u>\u00d6zellikleri<\/u><\/em><\/p>\n<table width=\"643\">\n<tbody>\n<tr>\n<td width=\"170\">\n<p><strong><em>\u00dcr\u00fcn ad\u0131 <\/em><\/strong><\/p>\n<\/td>\n<td colspan=\"3\" width=\"472\">\n<p>Lithopone<\/p>\n<\/td>\n<\/tr>\n<tr>\n<td width=\"170\">\n<p><strong><em>\u00d6teki adlar\u0131<\/em><\/strong><\/p>\n<\/td>\n<td colspan=\"3\" width=\"472\">\n<p>Zinc barium white<\/p>\n<\/td>\n<\/tr>\n<tr>\n<td width=\"170\">\n<p><strong><em>Tan\u0131m <\/em><\/strong><\/p>\n<\/td>\n<td colspan=\"3\" width=\"472\">\n<p>\u00c7inko s\u00fclf\u00fcr ve baryum s\u00fclfat kar\u0131\u015f\u0131m\u0131, suda \u00e7\u00f6z\u00fcnmeyen beyaz toz pigment<\/p>\n<\/td>\n<\/tr>\n<tr>\n<td width=\"170\">\n<p><strong><em>Kimyasal form\u00fcl\u00fc<\/em><\/strong><\/p>\n<\/td>\n<td colspan=\"3\" width=\"472\">\n<p>ZnS + BaSO<sub>4<\/sub><\/p>\n<\/td>\n<\/tr>\n<tr>\n<td width=\"170\">\n<p><strong><em>Molek\u00fcl a\u011f\u0131rl\u0131\u011f\u0131<\/em><\/strong><\/p>\n<\/td>\n<td colspan=\"3\" width=\"472\">\n<p>330.80<\/p>\n<\/td>\n<\/tr>\n<tr>\n<td width=\"170\">\n<p><strong><em>Renk \u0130ndisi<\/em><\/strong><\/p>\n<\/td>\n<td width=\"217\">\n<p>Pigment White 5<\/p>\n<\/td>\n<td width=\"132\">\n<p><strong><em>\u00a0<\/em><\/strong><\/p>\n<\/td>\n<td width=\"123\">\n<p>\u00a0<\/p>\n<\/td>\n<\/tr>\n<tr>\n<td width=\"170\">\n<p><strong><em>Cas No<\/em><\/strong><\/p>\n<\/td>\n<td width=\"217\">\n<p>1345-05-7<\/p>\n<\/td>\n<td width=\"132\">\n<p><strong><em>\u00a0<\/em><\/strong><\/p>\n<\/td>\n<td width=\"123\">\n<p>\u00a0<\/p>\n<\/td>\n<\/tr>\n<tr>\n<td width=\"170\">\n<p><strong><em>H.S. Kod No<\/em><\/strong><\/p>\n<\/td>\n<td width=\"217\">\n<p>3200642<\/p>\n<\/td>\n<td width=\"132\">\n<p><strong><em>\u00a0<\/em><\/strong><\/p>\n<\/td>\n<td width=\"123\">\n<p>\u00a0<\/p>\n<\/td>\n<\/tr>\n<tr>\n<td width=\"170\">\n<p><strong><em>Ba\u011f\u0131l yo\u011funlu\u011fu<\/em><\/strong><\/p>\n<\/td>\n<td width=\"217\">\n<p>4.136 \u2013 4.390 g\/ml<\/p>\n<\/td>\n<td colspan=\"2\" width=\"255\">\n<p>\u00a0<\/p>\n<\/td>\n<\/tr>\n<tr>\n<td width=\"170\">\n<p><strong><em>ZnS + BaSO<sub>4<\/sub> miktar\u0131<\/em><\/strong><\/p>\n<\/td>\n<td width=\"217\">\n<p>Enaz % 99<\/p>\n<\/td>\n<td colspan=\"2\" width=\"255\">\n<p>\u00a0<\/p>\n<\/td>\n<\/tr>\n<tr>\n<td width=\"170\">\n<p><strong><em>ZnS miktar\u0131<\/em><\/strong><\/p>\n<\/td>\n<td width=\"217\">\n<p>Enaz % 28<\/p>\n<\/td>\n<td colspan=\"2\" width=\"255\">\n<p>\u00a0<\/p>\n<\/td>\n<\/tr>\n<tr>\n<td width=\"170\">\n<p><strong><em>ZnO miktar\u0131<\/em><\/strong><\/p>\n<\/td>\n<td width=\"217\">\n<p>En\u00e7ok % 0.6<\/p>\n<\/td>\n<td colspan=\"2\" width=\"255\">\n<p>\u00a0<\/p>\n<\/td>\n<\/tr>\n<tr>\n<td width=\"170\">\n<p><strong><em>U\u00e7ucu madde miktar\u0131<\/em><\/strong><\/p>\n<\/td>\n<td width=\"217\">\n<p>En\u00e7ok % 0.3\u00a0 <em>(105\u00b0C de)<\/em><\/p>\n<\/td>\n<td colspan=\"2\" width=\"255\">\n<p>\u00a0<\/p>\n<\/td>\n<\/tr>\n<tr>\n<td width=\"170\">\n<p><strong><em>Elek bakiyesi<\/em><\/strong><\/p>\n<\/td>\n<td width=\"217\">\n<p>En\u00e7ok % 0.1\u00a0 <em>(63 <\/em>mm<em>\u00a0 elek)<\/em><\/p>\n<\/td>\n<td colspan=\"2\" width=\"255\">\n<p>\u00a0<\/p>\n<\/td>\n<\/tr>\n<tr>\n<td width=\"170\">\n<p><strong><em>pH de\u011feri<\/em><\/strong><\/p>\n<\/td>\n<td width=\"217\">\n<p>N\u00f6tral<\/p>\n<\/td>\n<td colspan=\"2\" width=\"255\">\n<p>\u00a0<\/p>\n<\/td>\n<\/tr>\n<tr>\n<td width=\"170\">\n<p><strong><em>Alkalikli\u011fi <\/em><\/strong><\/p>\n<\/td>\n<td width=\"217\">\n<p>N\u00f6tral<\/p>\n<\/td>\n<td colspan=\"2\" width=\"255\">\n<p>\u00a0<\/p>\n<\/td>\n<\/tr>\n<tr>\n<td width=\"170\">\n<p><strong><em>\u00d6rtme g\u00fcc\u00fc <\/em><\/strong><\/p>\n<\/td>\n<td colspan=\"3\" width=\"472\">\n<p>Standart \u00f6rne\u011fin %5\u2019inden daha d\u00fc\u015f\u00fck de\u011fil<\/p>\n<\/td>\n<\/tr>\n<tr>\n<td width=\"170\">\n<p><strong><em>Renk indirgeme g\u00fcc\u00fc <\/em><\/strong><\/p>\n<\/td>\n<td colspan=\"3\" width=\"472\">\n<p>Standart \u00f6rnekten daha d\u00fc\u015f\u00fck de\u011fil<\/p>\n<\/td>\n<\/tr>\n<tr>\n<td width=\"170\">\n<p><strong><em>Ya\u011f emmesi<\/em><\/strong><\/p>\n<\/td>\n<td width=\"217\">\n<p>En\u00e7ok 14 g\/100g<\/p>\n<\/td>\n<td colspan=\"2\" width=\"255\">\n<p>\u00a0<\/p>\n<\/td>\n<\/tr>\n<\/tbody>\n<\/table>\n<p><em><u>Etki ve Kullan\u0131m Alan\u0131<\/u><\/em><\/p>\n<table width=\"643\">\n<tbody>\n<tr>\n<td colspan=\"2\" width=\"643\">\n<p>\u00b7\u00a0\u00a0\u00a0\u00a0\u00a0\u00a0\u00a0 Lithopone, b\u00fcy\u00fck \u00f6l\u00e7\u00fcde boyalarda, m\u00fcrekkeplerde, lastik, kau\u00e7uk ve plastiklerde kullan\u0131l\u0131r.<\/p>\n<p>\u00b7\u00a0\u00a0\u00a0\u00a0\u00a0\u00a0\u00a0 Asidik ba\u011flay\u0131c\u0131lardan etkilenmeyen iyi kalite bir beyaz pigmenttir. \u0130\u00e7 kullan\u0131ml\u0131 em\u00fclsiyon boyalarda kullan\u0131l\u0131r. kalsinasyona e\u011filimli oldu\u011fu i\u00e7in d\u0131\u015f kullan\u0131ml\u0131 sistemlerde daha az kullan\u0131l\u0131r.<\/p>\n<p>\u00b7\u00a0\u00a0\u00a0\u00a0\u00a0\u00a0\u00a0 Astar boyalarda b\u00fcy\u00fck \u00f6l\u00e7\u00fcde kullan\u0131l\u0131r.<\/p>\n<\/td>\n<\/tr>\n<tr>\n<td width=\"151\">\n<p><strong><em>Depolama<\/em><\/strong><\/p>\n<\/td>\n<td width=\"491\">\n<p>K\u00f6t\u00fc hava ko\u015fullar\u0131na kar\u015f\u0131 koruyunuz. Ani \u0131s\u0131 farkl\u0131l\u0131klar\u0131nda uzakta kuru bir yerde depolay\u0131n\u0131z. A\u00e7\u0131k ambalajlar\u0131 \u00f6zel ko\u015fullarda tutunuz ve torbay\u0131 kullan\u0131m sonras\u0131 neme ve kirlenmeye kar\u015f\u0131 hemen kapat\u0131n\u0131z.<\/p>\n<\/td>\n<\/tr>\n<tr>\n<td width=\"151\">\n<p><strong><em>Ambalaj \u015fekli<\/em><\/strong><\/p>\n<\/td>\n<td width=\"491\">\n<p>25.-kg\u00a0 yada 50.-kg l\u0131k orijinal\u00a0 torbalarda<\/p>\n<\/td>\n<\/tr>\n<\/tbody>\n<\/table>\n<p><em>Verilen bilgilerin teknik ve hukuki ba\u011flay\u0131c\u0131l\u0131\u011f\u0131 yoktur. Denenerek uygulanmal\u0131d\u0131r.<\/em><\/p>\n<p><em><u>Daha ayr\u0131nt\u0131l\u0131 teknik bilgi ve destek teknik servisimizden sa\u011flanabilir.<\/u><\/em><\/p>\n<p><em><u>\u00a0<\/u><\/em><\/p>\n<p>Teknik b\u00fcltendeki bilgi ve \u00f6neriler sadece yol g\u00f6sterici nitelikte olup garanti anlam\u0131nda de\u011ferlendirilmemelidir. Teknik de\u011fi\u015fiklik hakk\u0131 sakl\u0131d\u0131r.<\/p>\n<p>Our techhnical\u00a0 informations are for guidance only; all data contained therein are given without guarantee. Technical modifications reserved.<\/p>\n\n<\/div><\/div>\n\n<\/div>","protected":false},"excerpt":{"rendered":"","protected":false},"author":1,"featured_media":0,"parent":0,"menu_order":0,"comment_status":"closed","ping_status":"closed","template":"","meta":{"footnotes":""},"class_list":["post-193","page","type-page","status-publish","hentry"],"_links":{"self":[{"href":"https:\/\/www.avgkimya.com\/en\/wp-json\/wp\/v2\/pages\/193","targetHints":{"allow":["GET"]}}],"collection":[{"href":"https:\/\/www.avgkimya.com\/en\/wp-json\/wp\/v2\/pages"}],"about":[{"href":"https:\/\/www.avgkimya.com\/en\/wp-json\/wp\/v2\/types\/page"}],"author":[{"embeddable":true,"href":"https:\/\/www.avgkimya.com\/en\/wp-json\/wp\/v2\/users\/1"}],"replies":[{"embeddable":true,"href":"https:\/\/www.avgkimya.com\/en\/wp-json\/wp\/v2\/comments?post=193"}],"version-history":[{"count":16,"href":"https:\/\/www.avgkimya.com\/en\/wp-json\/wp\/v2\/pages\/193\/revisions"}],"predecessor-version":[{"id":337,"href":"https:\/\/www.avgkimya.com\/en\/wp-json\/wp\/v2\/pages\/193\/revisions\/337"}],"wp:attachment":[{"href":"https:\/\/www.avgkimya.com\/en\/wp-json\/wp\/v2\/media?parent=193"}],"curies":[{"name":"wp","href":"https:\/\/api.w.org\/{rel}","templated":true}]}}